{"id":8997,"date":"2025-10-07T10:49:37","date_gmt":"2025-10-07T10:49:37","guid":{"rendered":"https:\/\/www.westfalia-hagen.de\/westfalia_neu\/?page_id=8997"},"modified":"2026-01-26T19:42:56","modified_gmt":"2026-01-26T19:42:56","slug":"fussball-jugendkonzept-eltern","status":"publish","type":"page","link":"https:\/\/www.westfalia-hagen.de\/westfalia_neu\/fussball-jugendkonzept-eltern\/","title":{"rendered":"Jugendkonzept"},"content":{"rendered":"<h2>Information f\u00fcr alle Eltern<\/h2>\n<p>Herzlichen Dank, dass sie ihr Kind den Sportfreunden von Westfalia Hagen anvertrauen. Derzeit haben wir ca. 150 Kinder und Jugendliche in s\u00e4mtlichen Altersklassen im Spielbetrieb. Dazu z\u00e4hlen auch vier M\u00e4dchenmannschaften.\u00a0 sind ca. 15 Trainer\/Trainerinnen und Betreuer ehrenamtlich im Einsatz.<\/p>\n<p>Unser Jugendkonzept lehnt sich an die Ausbildungskonzeption des Deutschen Fu\u00dfballbundes an (<a href=\"http:\/\/www.dfb.de\/\">www.dfb.de<\/a>). Der DFB unterscheidet vier Ausbildungsstufen, die aufeinander aufbauen. Ziel ist es, dass die Kinder und Jugendlichen beim Wechsel in die n\u00e4chsth\u00f6here Altersklasse bestimmte Fertigkeiten und F\u00e4higkeiten mitbringen, auf denen dann aufgebaut werden kann:<\/p>\n<p><img loading=\"lazy\" decoding=\"async\" class=\"alignnone wp-image-8998\" src=\"https:\/\/www.westfalia-hagen.de\/westfalia_neu\/wp-content\/uploads\/2025\/10\/ABJugend.jpg\" alt=\"\" width=\"352\" height=\"391\" srcset=\"https:\/\/www.westfalia-hagen.de\/westfalia_neu\/wp-content\/uploads\/2025\/10\/ABJugend.jpg 619w, https:\/\/www.westfalia-hagen.de\/westfalia_neu\/wp-content\/uploads\/2025\/10\/ABJugend-270x300.jpg 270w\" sizes=\"auto, (max-width: 352px) 100vw, 352px\" \/><\/p>\n<h3>\u00dcber alldem stehen folgende Grunds\u00e4tze:<\/h3>\n<ul>\n<li>Das Kinder- und Jugendtraining darf kein reduziertes Erwachsenentraining sein.<\/li>\n<li>Erstes Ziel im Jugendfu\u00dfball ist die perspektivisch angelegte Ausbildung jedes einzelnen Spielers, nicht der kurzfristige Erfolg der Mannschaft.<\/li>\n<\/ul>\n<h3>Spielbetrieb<\/h3>\n<p>Die Kinder werden grunds\u00e4tzlich nach ihrem Alter den Mannschaften zugeteilt. Ausnahmen hiervon sind nur mit Zustimmung der betroffenen Eltern, Jugendbetreuer und der Jugendleitung m\u00f6glich.<\/p>\n<h3>Bambini, F, E\u2013 Jugend<\/h3>\n<p>In diesen Jahrgangsstufen sollen die Kinder nach Jahrg\u00e4ngen eingeteilt werden um R\u00fccksicht auf Freundschaften zu nehmen und diese zu f\u00f6rdern.<\/p>\n<ul>\n<li>Allen Kindern soll die M\u00f6glichkeit geboten werden an einem hochwertigen Training teilzunehmen und eine ausreichende Spielzeit in der Spielrunde zu bekommen.<\/li>\n<\/ul>\n<p>Spielfreude und Spa\u00df sind wichtiger als Sieg oder Meisterschaft.<\/p>\n<h3>D, C, B, A- Jugend<\/h3>\n<p>Ziel ist in diesen Jahrgangsstufen die individuelle, qualitativ hochwertige Ausbildung der Jugendspieler.<\/p>\n<p>Schaffung von Spiel-und Entwicklungsm\u00f6glichkeiten auch f\u00fcr weniger talentierte Kinder. Allen Kindern soll die M\u00f6glichkeit geboten werden an einem hochwertigen Training teilzunehmen.<\/p>\n<p>Heranf\u00fchren von Jugendspielern an die eigenen Seniorenmannschaften, mit dem Ziel, eine mindestens kreisklassenreife Seniorenmannschaft aus dem eigenen Nachwuchs zu stellen.<\/p>\n<p>Junioren-Meisterschaften sind anzustreben, stehen aber nicht im Vordergrund. Freude am Fu\u00dfball, Gemeinschaft und Begeisterung sind zu f\u00f6rdern. Die Entwicklung von Einzelspielern und Mannschaft ist wichtig.<\/p>\n<p><strong><u>Westfalia hat es sich zur Aufgabe gemacht, dass in uns gesetzte Vertrauen zu rechtfertigen.<\/u><\/strong><\/p>\n<p>Um dies erfolgreich umzusetzen, sind folgende Verhaltensregeln unbedingt zu beachten.<\/p>\n<p>Die Eltern sind aufgefordert, das Betreuerteam und die Kinder durch Motivation, Lob und Anfeuern aller Kinder zu unterst\u00fctzen<\/p>\n<p>Um einen geregelten Ablauf, vor allem aber auch Sicherheit der Kinder und Jugendlichen zu gew\u00e4hrleisten haben die Kinder den Anweisungen der Trainer zu jeder Zeit Folge zu leisten<\/p>\n<p>P\u00fcnktliches Erscheinen zum Training und zu den Spielen sollte selbstverst\u00e4ndlich sein, bei Verhinderung bitten wir rechtzeitig bescheid zu geben<\/p>\n<p>Ordnung und Sauberkeit in den Umkleider\u00e4umen und am Sportplatz, auch bei Ausw\u00e4rtsspielen geh\u00f6ren zur Grundvoraussetzung eines jeden Sportlers<\/p>\n<p>H\u00f6flichkeit und entsprechende Umgangsformen untereinander und auch den Betreuern, Gegnern und Schiedsrichtern gegen\u00fcber sollten gegeben sein<\/p>\n<p>Die Kinder haben sich bei den Trainern an- und abzumelden, damit diese Ihrer Aufsichtspflicht nachkommen k\u00f6nnen<\/p>\n<p>Zum Training und Spiel ist auf Vollst\u00e4ndigkeit der Ausr\u00fcstung und angemessene Kleidung zu achten (Regenjacke, warme Kleidung nach dem Sport)<\/p>\n<p>Es sollte auf eine sportgerechte Ern\u00e4hrung (Getr\u00e4nke: kein Zucker, wenig\/keine Kohlens\u00e4ure) Wert gelegt werden. Bitte auch m\u00f6glichst auf Glasflaschen am Sportgel\u00e4nde verzichten<\/p>\n<p>Im Sinne der Teamgeistf\u00f6rderung bitten wir davon abzusehen, die Kinder f\u00fcr besondere Leistung zu belohnen (z.B. finanzielle Belohnung f\u00fcr ein geschossenes Tor)<\/p>\n<h4>Die Jugendbetreuer sind alle ehrenamtlich t\u00e4tig und investieren ihre Freizeit zum Wohle der Kinder und Jugendlichen. Konstruktive Kritik und Anregungen f\u00fcr Spiel und Training sind jederzeit willkommen, letztlich ist aber der Jugendbetreuer f\u00fcr\u00a0<u>alle<\/u>\u00a0sportlichen Entscheidungen zust\u00e4ndig<\/h4>\n","protected":false},"excerpt":{"rendered":"<p>Information f\u00fcr alle Eltern Herzlichen Dank, dass sie ihr Kind den Sportfreunden [&hellip;]<\/p>\n","protected":false},"author":1,"featured_media":0,"parent":0,"menu_order":0,"comment_status":"closed","ping_status":"closed","template":"","meta":{"footnotes":""},"class_list":["post-8997","page","type-page","status-publish","hentry"],"_links":{"self":[{"href":"https:\/\/www.westfalia-hagen.de\/westfalia_neu\/wp-json\/wp\/v2\/pages\/8997","targetHints":{"allow":["GET"]}}],"collection":[{"href":"https:\/\/www.westfalia-hagen.de\/westfalia_neu\/wp-json\/wp\/v2\/pages"}],"about":[{"href":"https:\/\/www.westfalia-hagen.de\/westfalia_neu\/wp-json\/wp\/v2\/types\/page"}],"author":[{"embeddable":true,"href":"https:\/\/www.westfalia-hagen.de\/westfalia_neu\/wp-json\/wp\/v2\/users\/1"}],"replies":[{"embeddable":true,"href":"https:\/\/www.westfalia-hagen.de\/westfalia_neu\/wp-json\/wp\/v2\/comments?post=8997"}],"version-history":[{"count":6,"href":"https:\/\/www.westfalia-hagen.de\/westfalia_neu\/wp-json\/wp\/v2\/pages\/8997\/revisions"}],"predecessor-version":[{"id":9148,"href":"https:\/\/www.westfalia-hagen.de\/westfalia_neu\/wp-json\/wp\/v2\/pages\/8997\/revisions\/9148"}],"wp:attachment":[{"href":"https:\/\/www.westfalia-hagen.de\/westfalia_neu\/wp-json\/wp\/v2\/media?parent=8997"}],"curies":[{"name":"wp","href":"https:\/\/api.w.org\/{rel}","templated":true}]}}