{"id":7,"date":"2011-07-28T21:03:57","date_gmt":"2011-07-28T21:03:57","guid":{"rendered":"http:\/\/www.westfalia-hagen.de\/westfalia_neu\/?page_id=7"},"modified":"2025-06-28T17:32:59","modified_gmt":"2025-06-28T17:32:59","slug":"impressumvorstand","status":"publish","type":"page","link":"https:\/\/www.westfalia-hagen.de\/westfalia_neu\/beispiel-seite\/impressumvorstand\/","title":{"rendered":"Impressum \/ Vorstand"},"content":{"rendered":"<div class=\"wp-block-image\">\n<figure class=\"alignleft\"><a href=\"http:\/\/www.westfalia-hagen.de\/westfalia_neu\/?attachment_id=8\"><img loading=\"lazy\" decoding=\"async\" width=\"78\" height=\"104\" src=\"http:\/\/www.westfalia-hagen.de\/westfalia_neu\/wp-content\/uploads\/2011\/07\/Wappen_klein.jpg\" alt=\"\" class=\"wp-image-8\" title=\"Wappen_klein\"\/><\/a><\/figure>\n<\/div>\n\n\n<h3 class=\"wp-block-heading\"><strong>Fu\u00dfball u. Turnverein mit Tradition in Altenhagen<\/strong><\/h3>\n\n\n\n<h3 class=\"wp-block-heading has-text-color\" style=\"color:#2507e3\">Sportfreunde Westfalia Hagen 1872 e.V.<\/h3>\n\n\n\n<p>58097 Hagen-Altenhagen&nbsp; &#8211;&nbsp; Alexanderstr. 31&nbsp; &nbsp; &nbsp; &nbsp;(Postanschrift)<\/p>\n\n\n\n<p>E-Mail Kontakt: sportfreunde@westfalia-hagen.de<\/p>\n\n\n\n<hr class=\"wp-block-separator has-css-opacity\"\/>\n\n\n\n<p>Eingetragen im Vereinsregister des Amtsgerichts Hagen: <strong>VR \/928<\/strong><br \/><strong>LSB-Vereinskennziffer: 0505003094<\/strong><\/p>\n\n\n\n<p><strong>Finanzamt Hagen Steuer &#8211;&nbsp;Nr.: 321\/5792\/0180 &nbsp;<\/strong><\/p>\n\n\n\n<p><strong>Bankverbindung:<\/strong><\/p>\n\n\n\n<p>Sportfreunde Westfalia Hagen i. Vertretung Marvin Riesner (1.Vors.)<\/p>\n\n\n\n<p>Sparkasse Hagen, BLZ 450 500 01 , Kto.-Nr. 102 005 370<\/p>\n\n\n\n<p><strong>IBAN:&nbsp; DE05450500010102005370 \/ BIC:&nbsp;&nbsp; WELADE3HXXX<\/strong><\/p>\n\n\n\n<p><strong>Gl\u00e4ubiger ID: DE33ZZZ00000078430<\/strong><\/p>\n\n\n\n<ul class=\"wp-block-list\">\n<li><strong>Vertretungsberechtigter Vorstand<\/strong><\/li>\n<\/ul>\n\n\n\n<p><\/p><p><\/p><p><\/p><p><\/p><p><\/p><p><\/p><p><\/p><p><\/p><p><\/p><p>Jeweils drei der nachfolgend genannten und in das Vereinsregister Hagen eingetragenen Vorstandsmitglieder vertreten den Verein im Sinne des \u00a7 26 BGB gerichtlich und au\u00dfergerichtlich gemeinsam:<\/p><strong>1. Vorsitzender<\/strong>\n\n\n\n<p><strong>Marvin Riesner  email: marvin.riesner@westfalia-hagen.de<\/strong><\/p>\n\n\n\n<figure class=\"wp-block-image size-full\"><img loading=\"lazy\" decoding=\"async\" width=\"230\" height=\"302\" src=\"https:\/\/www.westfalia-hagen.de\/westfalia_neu\/wp-content\/uploads\/2024\/03\/Marvin-Riesner.jpg\" alt=\"\" class=\"wp-image-8111\"\/><\/figure>\n\n\n\n<p><strong>2. Vorsitzender<\/strong><\/p>\n\n\n\n<p><strong>Harald Metzinger<\/strong> <strong>email: h.metzinger@westfalia-hagen.de<\/strong><\/p>\n\n\n\n<p><img decoding=\"async\" class=\"wp-image-8484\" style=\"width: 800px;\" src=\"https:\/\/www.westfalia-hagen.de\/westfalia_neu\/wp-content\/uploads\/2024\/09\/Visitenkarte-Gerrit-1-1.jpg\" alt=\"\"\/><img loading=\"lazy\" decoding=\"async\" width=\"230\" height=\"271\" class=\"wp-image-8758\" style=\"width: 230px;\" src=\"https:\/\/www.westfalia-hagen.de\/westfalia_neu\/wp-content\/uploads\/2025\/04\/Harry-scaled.jpg\" alt=\"\" srcset=\"https:\/\/www.westfalia-hagen.de\/westfalia_neu\/wp-content\/uploads\/2025\/04\/Harry-scaled.jpg 2176w, https:\/\/www.westfalia-hagen.de\/westfalia_neu\/wp-content\/uploads\/2025\/04\/Harry-255x300.jpg 255w, https:\/\/www.westfalia-hagen.de\/westfalia_neu\/wp-content\/uploads\/2025\/04\/Harry-870x1024.jpg 870w, https:\/\/www.westfalia-hagen.de\/westfalia_neu\/wp-content\/uploads\/2025\/04\/Harry-768x904.jpg 768w, https:\/\/www.westfalia-hagen.de\/westfalia_neu\/wp-content\/uploads\/2025\/04\/Harry-1305x1536.jpg 1305w, https:\/\/www.westfalia-hagen.de\/westfalia_neu\/wp-content\/uploads\/2025\/04\/Harry-1741x2048.jpg 1741w\" sizes=\"auto, (max-width: 230px) 100vw, 230px\" \/><\/p>\n\n\n\n<p><strong>1. Gesch\u00e4ftsf\u00fchrerin  <\/strong><\/p>\n\n\n\n<p><strong>Vanessa Jusaj    email:  v.jusaj@westfalia-hagen.de<\/strong><\/p>\n\n\n\n<p><strong>2. Gesch\u00e4ftsf\u00fchrer<\/strong><\/p>\n\n\n\n<p><strong>Martin Riesner  email: martin.riesner@westfalia-hagen.de<\/strong><\/p>\n\n\n\n<figure class=\"wp-block-image size-full is-resized\"><img loading=\"lazy\" decoding=\"async\" width=\"156\" height=\"116\" src=\"https:\/\/www.westfalia-hagen.de\/westfalia_neu\/wp-content\/uploads\/2011\/07\/Martin-Riesner.jpg\" alt=\"\" class=\"wp-image-3635\" style=\"width:242px;height:auto\"\/><\/figure>\n\n\n\n<p><\/p>\n\n\n\n<p><\/p><p><\/p><p><\/p><p><\/p><p style=\"text-align: left;\">Verantwortlich f\u00fcr den Inhalt:<\/p>\n\n\n\n<p><\/p><p><\/p><p><\/p><p><\/p><p><\/p><p><\/p><p><\/p><p><\/p><p><\/p><p><\/p><p><\/p><p style=\"text-align: left;\">Der Gesch\u00e4ftsf\u00fchrende Hauptvorstand der Sportfreunde Westfalia Hagen 1872 e.V.<\/p>\n\n\n\n<p>Webmaster \/ Admin : Marvin Riesner ( 1.Vorsitzender )<\/p>\n\n\n\n<p><\/p><p><\/p><p><\/p><p><\/p><p><\/p><p><\/p><p><\/p><p><\/p><p><\/p><p><\/p><p><\/p><p style=\"text-align: left;\"><strong>Rechtshinweise \/ Copyright:<\/strong><\/p>\n\n\n\n<p><\/p><p><\/p><p><\/p><p><\/p><p><\/p><p><\/p><p><\/p><p><\/p><p><\/p><p><\/p><p><\/p><p style=\"text-align: left;\">Alle Rechte vorbehalten.<\/p>\n\n\n\n<p><\/p><p><\/p><p><\/p><p><\/p><p><\/p><p><\/p><p><\/p><p><\/p><p><\/p><p><\/p><p><\/p><p style=\"text-align: left;\">Die dargestellten Informationen sind Eigentum der&nbsp;<span style=\"color: #0000ff;\"><strong>Sportfreunde Westfalia Hagen 1872 e.V.<\/strong><\/span>&nbsp;<span style=\"color: #000000;\">.<\/span>&nbsp;Sie stellen die zum Zeitpunkt der Publikation jeweils neuesten Informationen dar. Eine Haftung oder Garantie f\u00fcr die Aktualit\u00e4t, Richtigkeit und Vollst\u00e4ndigkeit der zur Verf\u00fcgung gestellten Informationen und Daten ist ausgeschlossen.<\/p>\n\n\n\n<p><\/p><p><\/p><p><\/p><p><\/p><p><\/p><p><\/p><p><\/p><p><\/p><p><\/p><p><\/p><p><\/p><p style=\"text-align: left;\">Bei journalistisch-redaktionell gestalteten Texten, tr\u00e4gt der angegebene Redakteur \/ Admin&nbsp;die journalistische Verantwortung. Die Anschrift ist den \u00dcbersichten aller Ansprechpartner in der jeweiligen Funtion zu entnehmen.<\/p>\n\n\n\n<p><\/p><p><\/p><p><\/p><p><\/p><p><\/p><p><\/p><p><\/p><p><\/p><p><\/p><p><\/p><p><\/p><p style=\"text-align: left;\"><strong>Hinweis zu allen Links auf dieser Homepage (Disclaimer):<\/strong><\/p>\n\n\n\n<p><\/p><p><\/p><p><\/p><p><\/p><p><\/p><p><\/p><p><\/p><p><\/p><p><\/p><p><\/p><p><\/p><p style=\"text-align: left;\">Mit Urteil vom 12.05.1998 u2013 312 O85\/98 &#8211; hat das Landgericht Hamburg entschieden, dass man durch einen Link auf eine andere Homepage deren Inhalte ggf. mit zu verantworten hat.<\/p>\n\n\n\n<p><\/p><p><\/p><p><\/p><p><\/p><p><\/p><p><\/p><p><\/p><p><\/p><p><\/p><p><\/p><p><\/p><p style=\"text-align: left;\">Dies kann lt. LG nur verhindert werden, indem man sich ausdr\u00fccklich von den Inhalten distanziert.<\/p>\n\n\n\n<p><\/p><p><\/p><p><\/p><p><\/p><p><\/p><p><\/p><p><\/p><p><\/p><p><\/p><p><\/p><p><\/p><p style=\"text-align: left;\">Hiermit distanzieren wir uns ausdr\u00fccklich von den Inhalten aller von uns per Link angebotenen Seiten. Die Informationen auf den Webseiten stellen in keinem Fall rechtliche Zusicherungen des Vereins dar.<\/p>\n\n\n\n<p><\/p><p><\/p><p><\/p><p><\/p><p><\/p><p><\/p><p><\/p><p><\/p><p><\/p><p><\/p><p><\/p><p style=\"text-align: left;\">Die&nbsp;<strong><span style=\"color: #0000ff;\">Sportfreunde Westfalia Hagen 1872 e.V.<\/span><\/strong>&nbsp;behalten sich das Recht vor, bei Bedarf \u00c4nderungen oder Erg\u00e4nzungen der bereitgestellten Informationen oder Daten durchzuf\u00fchren. Aus den hier beschriebenen Themenbereichen k\u00f6nnen keine Rechtsanspr\u00fcche abgeleitet werden. Die <strong><span style=\"color: #0000ff;\">Sportfreunde Westfalia Hagen 1872 e.V.<\/span><\/strong>&nbsp; haften weder f\u00fcr direkte noch indirekte Sch\u00e4den, die durch die Nutzung der Informationen oder Daten entstehen, die auf dieser Webseite zu finden sind.<\/p>\n\n\n\n<p><\/p><p><\/p><p><\/p><p><\/p><p><\/p><p><\/p><p><\/p><p><\/p><p><\/p><p><\/p><p><\/p><p style=\"text-align: left;\">Rechte und Pflichten zwischen den <span style=\"color: #0000ff;\"><strong>Sportfreunde Westfalia Hagen 1872 e.V.<\/strong><\/span> und dem einzelnen Nutzer dieser Webseite oder Dritten bestehen nicht.<\/p>\n\n\n\n<p><\/p><p><\/p><p><\/p><p><\/p><p><\/p><p><\/p><p><\/p><p><\/p><p><\/p><p><\/p><p><\/p><p style=\"text-align: left;\">Die Inhalte des Internet-Auftrittes der <span style=\"color: #0000ff;\"><strong>Sportfreunde Westfalia Hagen 1872 e.V.<\/strong><\/span>&nbsp;und die Internetseite an sich, sind urheberrechtlich gesch\u00fctzt.<\/p>\n\n\n\n<p><\/p><p><\/p><p><\/p><p><\/p><p><\/p><p><\/p><p><\/p><p><\/p><p><\/p><p><\/p><p><\/p><p style=\"text-align: left;\">Die Inhalte d\u00fcrfen weder ganz noch teilweise ohne vorherige schriftliche Genehmigung des Urhebers vervielf\u00e4ltigt und\/oder ver\u00f6ffentlicht oder in einem Informationssystem gespeichert werden. S\u00e4mtliche Informationen oder Daten, ihre Nutzung sowie s\u00e4mtliches mit der Webseite der <span style=\"color: #0000ff;\"><strong>Sportfreunde Westfalia Hagen 1872 e.V.<\/strong><\/span>&nbsp; zusammenh\u00e4ngendes Tun, Dulden oder Unterlassen unterliegen ausschlie\u00dflich deutschem Recht, unter Ausschluss von internationalem Recht.<\/p>\n\n\n\n<p><\/p><p><\/p><p><\/p><p><\/p><p><\/p><p><\/p><p><\/p><p><\/p><p><\/p><p><\/p><p><\/p><p style=\"text-align: left;\">Erf\u00fcllungsort und Gerichtsstand ist Hagen.<\/p>\n","protected":false},"excerpt":{"rendered":"<p>Fu\u00dfball u. Turnverein mit Tradition in Altenhagen Sportfreunde Westfalia Hagen 1872 e.V. [&hellip;]<\/p>\n","protected":false},"author":1,"featured_media":0,"parent":2,"menu_order":1,"comment_status":"closed","ping_status":"closed","template":"","meta":{"footnotes":""},"class_list":["post-7","page","type-page","status-publish","hentry"],"_links":{"self":[{"href":"https:\/\/www.westfalia-hagen.de\/westfalia_neu\/wp-json\/wp\/v2\/pages\/7","targetHints":{"allow":["GET"]}}],"collection":[{"href":"https:\/\/www.westfalia-hagen.de\/westfalia_neu\/wp-json\/wp\/v2\/pages"}],"about":[{"href":"https:\/\/www.westfalia-hagen.de\/westfalia_neu\/wp-json\/wp\/v2\/types\/page"}],"author":[{"embeddable":true,"href":"https:\/\/www.westfalia-hagen.de\/westfalia_neu\/wp-json\/wp\/v2\/users\/1"}],"replies":[{"embeddable":true,"href":"https:\/\/www.westfalia-hagen.de\/westfalia_neu\/wp-json\/wp\/v2\/comments?post=7"}],"version-history":[{"count":299,"href":"https:\/\/www.westfalia-hagen.de\/westfalia_neu\/wp-json\/wp\/v2\/pages\/7\/revisions"}],"predecessor-version":[{"id":8830,"href":"https:\/\/www.westfalia-hagen.de\/westfalia_neu\/wp-json\/wp\/v2\/pages\/7\/revisions\/8830"}],"up":[{"embeddable":true,"href":"https:\/\/www.westfalia-hagen.de\/westfalia_neu\/wp-json\/wp\/v2\/pages\/2"}],"wp:attachment":[{"href":"https:\/\/www.westfalia-hagen.de\/westfalia_neu\/wp-json\/wp\/v2\/media?parent=7"}],"curies":[{"name":"wp","href":"https:\/\/api.w.org\/{rel}","templated":true}]}}