{"id":5383,"date":"2016-08-12T14:11:39","date_gmt":"2016-08-12T14:11:39","guid":{"rendered":"http:\/\/www.westfalia-hagen.de\/westfalia_neu\/?page_id=5383"},"modified":"2026-02-24T06:14:36","modified_gmt":"2026-02-24T06:14:36","slug":"satzung","status":"publish","type":"page","link":"https:\/\/www.westfalia-hagen.de\/westfalia_neu\/beispiel-seite\/satzung\/","title":{"rendered":"Satzung"},"content":{"rendered":"<p><strong>Allgemeine Bestimmungen<\/strong><strong>\u00a0<\/strong><\/p>\n<hr \/>\n<ul>\n<li>1 Name, Sitz und Farben des Vereins<\/li>\n<li>2 Zweck des Vereins<\/li>\n<li>3 Verm\u00f6gen<\/li>\n<li>4 Mitgliedschaft in Verb\u00e4nden<\/li>\n<li>5 Satzungs\u00e4nderungen<\/li>\n<li>6 Aufl\u00f6sung des Vereins<\/li>\n<\/ul>\n<ol>\n<li><strong> Mitgliedschaft<\/strong><strong>\u00a0<\/strong><\/li>\n<\/ol>\n<ul>\n<li>7 Aufnahme<\/li>\n<li>8 Arten der Mitglieder<\/li>\n<li>9 Ehrenmitglieder<\/li>\n<li>10 Rechte der Mitglieder<\/li>\n<li>11 Pflichten der Mitglieder<\/li>\n<li>12 Austritt<\/li>\n<li>13 Ausschluss<\/li>\n<li>14 Bestrafungen<\/li>\n<\/ul>\n<p><strong>III. Vereinsorgane<\/strong><strong>\u00a0<\/strong><\/p>\n<ul>\n<li>15 Arten der Organe<\/li>\n<li>16 Mitgliederversammlung<\/li>\n<li>17 Vorstand<\/li>\n<li>18 Hauptausschuss<\/li>\n<li>19 Aussch\u00fcsse<\/li>\n<li>20 Ehrenausschuss (\u00c4ltestenrat)<\/li>\n<li>21 Kassenpr\u00fcfer<\/li>\n<\/ul>\n<ol>\n<li><strong> Gliederung des Vereins<\/strong><strong>\u00a0<\/strong><\/li>\n<\/ol>\n<ul>\n<li>22 Abteilungen<\/li>\n<\/ul>\n<ol>\n<li><strong> Allgemeine Bestimmungen<\/strong><strong>\u00a0<\/strong><\/li>\n<\/ol>\n<ul>\n<li><strong><em> 1\u00a0\u00a0\u00a0\u00a0 Name, Sitz und Farben des Vereins<\/em><\/strong><\/li>\n<\/ul>\n<ol>\n<li>Der Verein ist hervorgegangen aus den Vereinen Turn- und Rasenspielverein von Hagen 1872, Altenhagener Turn- und Spielverein von 1874, Altenhagener Turngemeinde von 1893, Arbeiter Turn- und Spielverein von Hagen 1896, die sich am 16 September 1945 unter dem Namen \u201e Sportfreunde Westfalia Hagen 1872 e. V. \u201e zusammengeschlossen haben.<\/li>\n<li>Er hat seinen Sitz in Hagen und ist in das Vereinsregister des Amtsgerichts Hagen unter Nr. 928 eingetragen.<\/li>\n<li>Die Vereinsfarben sind blau \u2013 wei\u00df.<\/li>\n<\/ol>\n<ul>\n<li><strong><em> 2 Zweck des Vereins<\/em><\/strong><em>\u00a0<\/em><\/li>\n<\/ul>\n<ol>\n<li>Der Verein verfolgt ausschlie\u00dflich und unmittelbar gemeinn\u00fctzige Zwecke im Sinne der Gemeinn\u00fctzigkeitsverordnung vom 24. Dezember 1953. Er erstrebt die k\u00f6rperliche und geistige Ert\u00fcchtigung der Allgemeinschaft \u2013 vornehmlich der Jugend \u2013 durch planm\u00e4\u00dfige Pflege von Leibes\u00fcbungen. Dabei dient er der Erziehung zu sportlicher Gesinnung und Kameradschaft.<\/li>\n<li>Politische, rassistische oder religi\u00f6se Zwecke d\u00fcrfen nicht verfolgt werden.<\/li>\n<\/ol>\n<ul>\n<li><strong> 3 <em>Verm\u00f6gen<\/em><\/strong><\/li>\n<\/ul>\n<ol>\n<li>Das Verm\u00f6gen des Vereins dient ausschlie\u00dflich dem in \u00a7 2, Abs. 1 festgelegten Zweck. Ansammlung und Verwendung von Verm\u00f6gen zu anderen Zwecken ist untersagt.<\/li>\n<li>Die Mitglieder erhalten keine Gewinnanteile oder sonstige Zuwendungen aus Mitteln des Vereins. Im Rahmen der finanziellen M\u00f6glichkeiten k\u00f6nnen lediglich Verg\u00fctungen an aktive Mitglieder erfolgen. Diese unterliegen jedoch den Amateur-Bestimmungen der \u00fcbergeordneten Sportverb\u00e4nde.<\/li>\n<li>Bei Aufl\u00f6sung des Vereins ist das nach Bezahlung der Schulden verbleibende Verm\u00f6gen mit Zustimmung des Finanzamtes auf den Landessportbund Nordrhein-Westfalen e. V. oder die \u00f6rtliche Gemeindeverwaltung zur ausschlie\u00dflichen Verwendung im Sinne von \u00a7 2, Abs. 1 dieser Satzung zu \u00fcbertragen.<\/li>\n<\/ol>\n<ul>\n<li><strong> 4\u00a0\u00a0 <em>Mitgliedschaft in Verb\u00e4nden<\/em><\/strong><em>\u00a0<\/em><\/li>\n<\/ul>\n<p>Der Verein geh\u00f6rt mit seinen Abteilungen den zust\u00e4ndigen Landessportverb\u00e4nden an und ist an deren Satzungen gebunden.Die Mitgliedschaft im Verein zieht automatisch die Mitgliedschaft im FLVW, sowie im WFV, WLV, im DFB und DLV nach sich. Die Mitglieder unterwerfen sich daher den Satzungen und Ordnungen dieser Verb\u00e4nde.<\/p>\n<ul>\n<li><strong> 5 <em>Satzungs\u00e4nderungen<\/em><\/strong><em>\u00a0<\/em><\/li>\n<\/ul>\n<ol>\n<li>\u00dcber Satzungs\u00e4nderungen kann nur die Mitgliederversammlung beschlie\u00dfen. Zur G\u00fcltigkeit eines solchen Beschlusses ist eine Mehrheit von \u00be der erschienenen Mitglieder erforderlich.<\/li>\n<li>Wird bei Beschl\u00fcssen \u00fcber Satzungs\u00e4nderungen eine Satzungsbestimmung, welche eine Voraussetzung der Anerkennung der Gemeinn\u00fctzigkeit ber\u00fchrt, ge\u00e4ndert, neu eingef\u00fcgt oder aufgehoben, so ist das zust\u00e4ndige Finanzamt in Kenntnis zu setzen.<\/li>\n<\/ol>\n<ul>\n<li><strong> 6 <em>Aufl\u00f6sung des Vereins<\/em><\/strong><em>\u00a0<\/em><\/li>\n<\/ul>\n<ol>\n<li>Die Aufl\u00f6sung des Vereins kann nur in einer besonders hierzu einzuberufenden Mitgliederversammlung beschlossen werden.Der Aufl\u00f6sungsbeschluss bedarf der H\u00e4lfte der ordentlichen Mitglieder.<\/li>\n<li>Ist die H\u00e4lfte der ordentlichen Mitglieder nicht erschienen, so wird in einer neu einzuberufenden Mitgliederversammlung ohne R\u00fccksicht auf die Zahl der anwesenden Mitglieder entschieden. In diesem Fall ist jedoch eine \u00be Mehrheit erforderlich. In der Einladung zu dieser Versammlung ist besonders auf den in Betracht kommenden Punkt der Tagesordnung hinzuweisen.<\/li>\n<li>Entsprechendes gilt f\u00fcr einen Vereinszusammenschluss.<\/li>\n<\/ol>\n<p><strong>\u00a0<\/strong><\/p>\n<ol>\n<li><strong> Mitgliedschaft<\/strong><strong>\u00a0<\/strong><\/li>\n<\/ol>\n<ul>\n<li><strong> 7 <em>Aufnahme<\/em><\/strong><em>\u00a0<\/em><\/li>\n<\/ul>\n<ol>\n<li>Der Aufnahmeantrag ist in allen Punkten vollst\u00e4ndig ausgef\u00fcllt und unterschrieben (bei Jugendlichen unter 18 Jahren auch Unterschrift des Erziehungsberechtigten) an den Vorstand zu richten.<\/li>\n<li>Die Zweitschrift gilt als Aufnahmebest\u00e4tigung, falls nicht innerhalb von 4 Wochen gegenteiliger Bescheid des Vorstandes schriftlich erfolgt.<\/li>\n<li>Gem\u00e4\u00df unseren Satzungen ist eine Aufnahmegeb\u00fchr in H\u00f6he von zwei Monatsbeitr\u00e4gen zu entrichten.<\/li>\n<li>Beitragspflichten sind eine Bringschuld und werden mittels Lastschriftverfahren von ihrem Konto abgebucht.<\/li>\n<li>Anschriften\u00e4nderungen m\u00fcssen innerhalb von 14 Tagen dem Vorstand angezeigt werden.<\/li>\n<li>Die Abbuchung erfolgt:\u00a0\u00a0\u00a0\u00a0 <strong>ganzj\u00e4hrig<\/strong> am 15. Februar\u00a0\u00a0\u00a0\u00a0\u00a0\u00a0\u00a0\u00a0\u00a0\u00a0\u00a0\u00a0\u00a0\u00a0\u00a0\u00a0\u00a0\u00a0\u00a0 <strong>halbj\u00e4hrig\u00a0\u00a0\u00a0\u00a0 <\/strong>am 15. Februar und 15. August<strong>\u00a0 \u00a0 \u00a0 \u00a0 \u00a0\u00a0<\/strong><strong>\u00a0<\/strong><\/li>\n<\/ol>\n<ul>\n<li><strong> 8 <em>Arten der Mitglieder<\/em><\/strong><em>\u00a0<\/em><\/li>\n<\/ul>\n<p>Die Mitglieder des Vereins unterscheiden sich in:<\/p>\n<ol>\n<li>Ordentliche Mitglieder<\/li>\n<li>aus\u00fcbende (aktive)<\/li>\n<li>nicht aus\u00fcbende (passive)<\/li>\n<li>Au\u00dferordentliche (unterst\u00fctzende Mitglieder)<\/li>\n<li>Jugendmitglieder bis 18 Jahren<\/li>\n<\/ol>\n<ul>\n<li><strong> 9 <em>Ehrenmitglieder<\/em><\/strong><em>\u00a0<\/em><\/li>\n<\/ul>\n<ol>\n<li>Personen, die sich in hervorragendem Ma\u00dfe um den Verein verdient gemacht haben, k\u00f6nnen zu Ehrenmitgliedern ernannt werden.<\/li>\n<li>Die Ernennung erfolgt nur auf Antrag des Vorstandes durch die Mitgliederversammlung, wenn 2\/3 der anwesenden Mitglieder zustimmen.<\/li>\n<li>Ehrenmitglieder haben die Rechte, aber nicht die Pflichten der anderen Mitglieder.<\/li>\n<li>Verliehene Ehrenmitgliedschaften an Personen der am Zusammenschluss beteiligten Vereine bzw. Vereinsabteilungen behalten ihre G\u00fcltigkeit.<\/li>\n<li>1. Vorsitzender, der sich um den Verein besonders verdient gemacht hat, kann auf Vorschlag des Vorstandes von der Mitgliederversammlung zum Ehrenvorsitzenden ernannt werden. Der Ehrenvorsitzende hat Sitz und Stimme im Vorstand und im Hauptausschuss.<\/li>\n<\/ol>\n<ul>\n<li><strong> 10 <em>Rechte der Mitglieder<\/em><\/strong><em>\u00a0<\/em><\/li>\n<\/ul>\n<ol>\n<li>Mit Ausnahme der Jugendmitglieder ist jedes Mitglied stimmberechtigt und w\u00e4hlbar.<\/li>\n<li>Im \u00dcbrigen stehen allen Mitgliedern die gleichen Rechte zu, insbesondere das Recht zur Teilnahme am Training und an Wettspielen sowie zur Benutzung der Vereinseinrichtungen.<\/li>\n<li>Jedes Mitglied ist berechtigt, Antr\u00e4ge zu stellen und Beschwerden zu f\u00fchren, sofern sie gen\u00fcgend begr\u00fcndet sind.<\/li>\n<\/ol>\n<ul>\n<li><strong> 11 <em>Pflichten der Mitglieder<\/em><\/strong><em>\u00a0<\/em><\/li>\n<\/ul>\n<ol>\n<li>Die Mitglieder sind verpflichtet, regen sportlichen Anteil zu nehmen und Kameradschaft und Geselligkeit innerhalb des Vereins und seiner einzelnen Abteilungen zu pflegen.<\/li>\n<li>Ist die Bestandsf\u00e4higkeit des Vereins gef\u00e4hrdet, so kann jedes Mitglied zur Umlage herangezogen werden. \u00dcber die H\u00f6he und Dauer derselben entscheidet die Mitgliederversammlung.<\/li>\n<li>Bei Sportunf\u00e4llen sind die Mitglieder verpflichtet, den Unfall sofort dem Sozialwart anzuzeigen, da s\u00e4mtliche Sportunf\u00e4lle binnen einer Woche der Sporthilfe gemeldet werden m\u00fcssen. Bei nicht rechtzeitiger Meldung besteht die Gefahr, dass die Entsch\u00e4digung durch die Sporthilfe nicht gezahlt wird. In diesem Falle sind Anspr\u00fcche gegen den Verein ausgeschlossen.<\/li>\n<\/ol>\n<ul>\n<li><strong><em> 12 Austritt<\/em><\/strong><em>\u00a0<\/em><\/li>\n<\/ul>\n<ol>\n<li>Die Mitgliedschaft kann nur unter Einhaltung einer Frist von 6 Wochen zum Schluss eines Kalenderhalbjahres aufgek\u00fcndigt werden. Die Beitragsschuld erlischt mit diesem Datum nicht.<\/li>\n<li>Abmeldungen m\u00fcssen in jedem Fall mit eingeschriebenen Brief\/Karte (bei Jugendlichen durch den Erziehungsberechtigten) an den Vorstand der SF WESTFALIA HAGEN 1872 e.V., Alexanderstr. 31, 58097 Hagen, gerichtet werden. Alle sonstigen Formen der Abmeldung sind rechtsung\u00fcltig.<\/li>\n<li>Freigaben aktiver Mitglieder unterliegen den jeweils g\u00fcltigen Verbandsbestimmungen. Die Mitgliedschaft bleibt davon unber\u00fchrt.<\/li>\n<li>Bei Unterbrechung der Mitgliedschaft (auch kurzfristiger) muss ein neuer Aufnahmeantrag gestellt werden. Der Vorstand entscheidet im Einzelfall \u00fcber die Anwartschaft.<\/li>\n<\/ol>\n<ul>\n<li><strong><em> 13 Ausschluss<\/em><\/strong><em>\u00a0<\/em><\/li>\n<\/ul>\n<ol>\n<li>Durch Beschluss des Vorstandes kann ein Mitglied, nachdem ihm rechtliches Geh\u00f6rt gew\u00e4hrt worden ist, aus dem Verein ausgeschlossen werden.<\/li>\n<li>Ausschlussgr\u00fcnde sind:<\/li>\n<li>a) gr\u00f6blicher Versto\u00df gegen die Zwecke des Vereins und der Verb\u00e4nde, denen der Verein satzungsgem\u00e4\u00df angeh\u00f6rt,<\/li>\n<li>b) schwere Sch\u00e4digung des Ansehens und der Belange des Vereins und der zu a) genannten Verb\u00e4nde<\/li>\n<li>c) gr\u00f6blicher versto\u00df gegen die Kameradschaft und Disziplin innerhalb des Vereins,<\/li>\n<li>d) schuldhafte Nichterf\u00fcllung der Beitragspflicht.<\/li>\n<li>Gegen den Beschluss des Vorstandes steht dem Betroffenen innerhalb einer Frist von 1 Monat nach Zustellung des Beschlusses die Anrufung des Ehrenausschusses zu. Auf diese M\u00f6glichkeit ist in dem Beschluss hinzuweisen. Die Entscheidung des Ehrenausschusses ist endg\u00fcltig.<\/li>\n<\/ol>\n<ul>\n<li><strong><em> 14 Bestrafungen<\/em><\/strong><em>\u00a0<\/em><\/li>\n<\/ul>\n<p>Anstelle des Ausschusses k\u00f6nnen aus den unter \u00a7 13 Abs. 2 genannten Gr\u00fcnden durch den Vorstand Verweise oder Zeitstrafen, z.B. Verbot der aktiven Teilnahme an Sportveranstaltungen, treten. \u00dcber die Dauer der Zeitstrafen entscheidet der Vorstand gemeinsam mit dem zust\u00e4ndigen Abteilungsleiter.<\/p>\n<ul>\n<li><strong><em> 15 Arten der Organe<\/em><\/strong><em>\u00a0<\/em><\/li>\n<\/ul>\n<p>Die Organe des Vereins sind:<\/p>\n<ol>\n<li>Die Mitgliederversammlung<\/li>\n<li>Der Vorstand<\/li>\n<li>Der Hauptausschuss<\/li>\n<li>Die Aussch\u00fcsse<\/li>\n<li>Der Ehrenausschuss (\u00c4ltestenrat)<\/li>\n<li>Die Kassenpr\u00fcfer<\/li>\n<\/ol>\n<ul>\n<li><strong><em> 16 Mitgliederversammlung<\/em><\/strong><em>\u00a0<\/em><\/li>\n<\/ul>\n<ol>\n<li>Eine Mitgliederversammlung findet nur nach Bedarf, auf jeden Fall jedoch zu Beginn des Gesch\u00e4ftsjahres (1. Januar bis 31. Dezember) statt. (Jahreshauptversammlung).<\/li>\n<\/ol>\n<p>Die Einberufung der Mitgliederversammlung hat durch den Vorstand sp\u00e4testens 2 Wochen vor dem Versammlungstermin unter gleichzeitiger Bekanntgabe der Tagesordnung schriftlich oder auf vereins\u00fcblichem Wege zu erfolgen.<\/p>\n<ol start=\"2\">\n<li>Die Tagesordnung der Jahreshauptversammlung hat folgende Punkte zu enthalten:<\/li>\n<\/ol>\n<p>In den Jahreshauptversammlungen, in denen kein neuer Vorstand gew\u00e4hlt wird, entfallen die Punkte d und e der Tagesordnung.<\/p>\n<ol>\n<li>a) Jahresberichte des Vorstandes und der Abteilungen,<\/li>\n<li>b) Kassenberichte,<\/li>\n<li>c) Kassenpr\u00fcfungsberichte<\/li>\n<li>d) Entlastung des Vorstandes,<\/li>\n<li>e) Neuwahl des Vorstandes, der Kassenpr\u00fcfer, der Haupt- und Ausschussmitglieder,<\/li>\n<li>f) Antr\u00e4ge,<\/li>\n<li>g) Verschiedenes<\/li>\n<\/ol>\n<ol start=\"3\">\n<li>Versammlungsleiter ist der 1. Vorsitzende oder einer seiner Stellvertreter.<\/li>\n<li>In der Mitgliederversammlung ist ein Protokoll zu f\u00fchren, das von dem Versammlungsleiter und einem von ihm bestellten Schriftf\u00fchrer zu unterzeichnen ist. Die gefassten Beschl\u00fcsse sind w\u00f6rtlich in das Protokoll aufzunehmen.<\/li>\n<li>Die Beschl\u00fcsse der Mitgliederversammlung werden \u2013 mit Ausnahme der in \u00a7\u00a7 5, 6 u. 9 getroffenen Regelung \u2013 mit einfacher Mehrheit der erschienenen Mitglieder gefasst. Entsprechendes gilt f\u00fcr die Wahlen. Bei Stimmengleichheit gilt der Antrag bzw. Wahlvorschlag als abgelehnt.<\/li>\n<li>Der Vorstand hat eine Mitgliederversammlung einzuberufen, wenn dies der Hauptausschuss, der Ehrenausschuss oder wenigstens 50 stimmberechtigte Mitglieder unter Angabe des Grundes verlangen.<\/li>\n<li>Antr\u00e4ge, die auf die Tagesordnung der Mitgliederversammlung gesetzt werden sollen, sind sp\u00e4testens eine Woche vor dem Versammlungstermin beim Vorstand schriftlich einzureichen. Ausgenommen sind solche Antr\u00e4ge, die von der Mitgliederversammlung als dringend anerkannt werden oder die sich aus einer Verhandlung bez\u00fcglich eines Punktes der Tagesordnung ergeben.<\/li>\n<\/ol>\n<ul>\n<li><strong><em> 17 Vorstand<\/em><\/strong><em>\u00a0<\/em><\/li>\n<\/ul>\n<ol>\n<li>Der Vorstand setzt sich zusammen aus:<\/li>\n<\/ol>\n<ol>\n<li>a) dem 1. Vorsitzenden<\/li>\n<li>b) 2 stellvertretenden Vorsitzenden<\/li>\n<li>c) dem Hauptgesch\u00e4ftsf\u00fchrer<\/li>\n<li>d) dem Hauptkassierer<\/li>\n<li>e) dem Sportwart<\/li>\n<li>f) dem Hauptjugendleiter<\/li>\n<li>g) 5 Beisitzern, einschl. Presse- und Sozialwart.<\/li>\n<\/ol>\n<ol start=\"2\">\n<li>Der 1. Vorsitzende und der Kassierer werden f\u00fcr 2 Jahre, der 2. Vorsitzende und der Gesch\u00e4ftsf\u00fchrer werden f\u00fcr 1 Jahr von der Jahreshauptversammlung gew\u00e4hlt.<\/li>\n<\/ol>\n<p>Bei der n\u00e4chsten Wahl soll bei personell gleicher Besetzung in umgekehrter Reihenfolge verfahren werden.<\/p>\n<ol start=\"3\">\n<li>Im Interesse einer harmonischen und gedeihlichen Zusammenarbeit des Vorstandes hat der 1. Vorsitzende nach Annahme seiner Wahl als erster das Recht, der Jahreshauptversammlung bez\u00fcglich der Zusammensetzung des \u00fcbrigen Vorstandes Wahlvorschl\u00e4ge zu machen \u2013 unbeschadet des gleichen Rechts aller stimmberechtigten Mitglieder.<\/li>\n<li>Die gesetzliche Vertretung des Vereins im Sinne des \u00a7 26 Abs. 2 BGB erfolgt durch den 1. Vorsitzenden \u2013 im Verhinderungsfalle durch einen seiner Stellvertreter.<\/li>\n<li>Der Vorstand f\u00fchrt die Vereinsgesch\u00e4fte und beaufsichtigt die T\u00e4tigkeit aller anderen Vereinsorgane. Daneben hat er die im Rahmen der Satzung gegebenen Befugnisse. Er gibt sich seine Gesch\u00e4ftsordnung selbst.<\/li>\n<li>Zu seinen Sitzungen hat der Vorstand nach pflichtgem\u00e4\u00dfem Ermessen Mitglieder der Abteilungsvorst\u00e4nde hinzuzuziehen, wenn es sich bei dem Gegenstand der Beratung um Angelegenheiten der betreffenden Abteilung handelt.<\/li>\n<li>Der Vorstand ist beschlussf\u00e4hig, wenn mindestens f\u00fcnf seiner Mitglieder zugegen sind.<\/li>\n<\/ol>\n<ul>\n<li><strong><em> 18 Hauptausschuss<\/em><\/strong><em>\u00a0<\/em><\/li>\n<\/ul>\n<ol>\n<li>Zum Hauptausschuss geh\u00f6ren:<\/li>\n<\/ol>\n<ol>\n<li>a) der Vereinsvorstand<\/li>\n<li>b) die Abteilungsvorst\u00e4nde<\/li>\n<li>c) 5 weitere Vereinsmitglieder, die hierzu f\u00fcr die Amtsdauer des Vorstandes von der Jahreshauptversammlung gew\u00e4hlt werden.<\/li>\n<\/ol>\n<ol start=\"2\">\n<li>Vorsitzender des Hauptausschusses ist der erste Vorsitzende bzw. einer seiner Stellvertreter.<\/li>\n<li>Der Hauptausschuss soll einberufen werden,<\/li>\n<li>a) wenn der Vorstand des Vereins aus sachlichen Gr\u00fcnden die Unterrichtung des Hauptausschusses f\u00fcr notwendig erachtet,<\/li>\n<\/ol>\n<ol>\n<li>b) wenn mindestens f\u00fcnf Mitglieder des Hauptausschusses, die nicht dem Vereinsvorstand angeh\u00f6ren, die Einberufung w\u00fcnschen und dem Vorstand gegen\u00fcber nachweisen, dass eine sachliche Notwendigkeit hierf\u00fcr besteht.<\/li>\n<\/ol>\n<ul>\n<li><strong><em> 19 Ausschuss<\/em><\/strong><em>\u00a0<\/em><\/li>\n<\/ul>\n<ol>\n<li>Der Verein hat st\u00e4ndig einen<\/li>\n<\/ol>\n<ol>\n<li>a) Finanzausschuss,<\/li>\n<li>b) Platz-Bauausschuss<\/li>\n<\/ol>\n<ol start=\"2\">\n<li>Andere Aussch\u00fcsse k\u00f6nnen gebildet werden, wenn dies der Vorstand f\u00fcr zweckm\u00e4\u00dfig h\u00e4lt.<\/li>\n<li>Auf Vorschlag des Vorsitzenden oder dessen Stellvertreter sind die Ausschussmitglieder von der Jahreshauptversammlung f\u00fcr die Amtsdauer des Vorstandes zu w\u00e4hlen.<\/li>\n<li>Der Finanzausschuss ber\u00e4t den Vorstand bei allen finanziellen Ma\u00dfnahmen, insbesondere bei der sachgem\u00e4\u00dfen Aufbringung und Verwendung der Vereinsmittel.<\/li>\n<li>Der Platz-Bauausschuss ber\u00e4t den Vorstand bei der sachgem\u00e4\u00dfen Einrichtung und Instandhaltung der Sportanlagen.<\/li>\n<li>Die Aufgaben anderer Aussch\u00fcsse werden vom Vorstand festgelegt.<\/li>\n<\/ol>\n<ul>\n<li><strong><em> 20 Ehrenausschuss (\u00c4ltestenrat)<\/em><\/strong><em>\u00a0<\/em><\/li>\n<\/ul>\n<ol>\n<li>Der Ehrenausschuss (\u00c4ltestenrat) besteht aus mindestens 5 und h\u00f6chstens 7 Mitgliedern. Die Mitglieder des Ehrenausschusses m\u00fcssen langj\u00e4hrige Vereinsmitglieder sein, praktische Erfahrung in der Sportbewegung haben und in der \u00d6ffentlichkeit sowie in Sportkreisen ein untadeliges Ansehen genie\u00dfen.<\/li>\n<li>Der Ehrenausschuss wird von der Jahreshauptversammlung f\u00fcr die Amtsdauer des Vorstandes gew\u00e4hlt. Er bestimmt seinen Vorsitzenden selbst.<\/li>\n<li>Mitglieder des Vorstandes sowie die Leiter der Abteilungen k\u00f6nnen nicht als Mitglieder des Ehrenausschusses gew\u00e4hlt werden.<\/li>\n<li>Dem Ehrenausschuss obliegt die Schlichtung pers\u00f6nlicher Streitigkeiten innerhalb des Vereins, sofern der Vorstand eine Bereinigung nicht erzielt. Ferner trifft er im Beschwerdefall die endg\u00fcltige Entscheidung \u00fcber die vom Vorstand verh\u00e4ngten Ausschl\u00fcsse oder sonstigen Strafma\u00dfnahmen (\u00a7 13, Abs. 2, \u00a7 14.)<\/li>\n<\/ol>\n<ul>\n<li><strong><em> 21 Kassenpr\u00fcfer<\/em><\/strong><em>\u00a0<\/em><\/li>\n<\/ul>\n<ol>\n<li>Die Jahreshauptversammlung w\u00e4hlt f\u00fcr die Amtsdauer des Vorstandes 2 Kassenpr\u00fcfer, die berechtigt und verpflichtet sind, die Wirtschaftspr\u00fcfung des Vereins laufend zu \u00fcberwachen. \u00dcber das Ergebnis ihrer Pr\u00fcfung haben sie in der Jahreshauptversammlung zu berichten.<\/li>\n<li>Mitglieder des Vorstandes und der Abteilungsvorst\u00e4nde k\u00f6nnen nicht als Kassenpr\u00fcfer gew\u00e4hlt werden.<\/li>\n<li>Im Jahr der Vorstandswahl scheidet ein Kassenpr\u00fcfer aus.<\/li>\n<\/ol>\n<ul>\n<li><strong><em> 22 Abteilungen<\/em><\/strong><em>\u00a0<\/em><\/li>\n<\/ul>\n<ol>\n<li>In Erf\u00fcllung seines Vereinszweckes unterh\u00e4lt der Verein Sportabteilungen.<\/li>\n<li>Die Neubildung einer Abteilung beschlie\u00dft der Vorstand, ihre Aufl\u00f6sung erfolgt durch einen von der Mitgliederversammlung zu best\u00e4tigenden Beschluss des Vorstandes.<\/li>\n<li>Die Leitung der einzelnen Abteilungen liegt in der Hand eines von ihr in einer besonderen Abteilungsversammlung gew\u00e4hlten Abteilungsvorstandes, der auch dem jeweiligen \u00fcbergeordneten Sportverband verantwortlich ist.<\/li>\n<li>Der Abteilungsvorstand besteht aus dem Abteilungsleiter, dessen Stellvertreter, einem Gesch\u00e4ftsf\u00fchrer, Kassierer, Jugendleiter und gegebenenfalls aus Beisitzern.<\/li>\n<li>Der Abteilungsvorstand ist mindestens alle zwei Jahre neu zu w\u00e4hlen.<\/li>\n<li>Der Abteilungsvorstand bedarf der Best\u00e4tigung durch den Vorstand.<\/li>\n<\/ol>\n<p>Hagen, den 12.08.2016<\/p>\n\n\n<h2 class=\"wp-block-heading\"><a href=\"https:\/\/www.westfalia-hagen.de\/westfalia_neu\/wp-content\/uploads\/2011\/09\/Satz.pdf\">> Satzung &lt;<\/a><\/h2>\n\n\n\n<p><\/p>\n","protected":false},"excerpt":{"rendered":"<p>Allgemeine Bestimmungen\u00a0 1 Name, Sitz und Farben des Vereins 2 Zweck des [&hellip;]<\/p>\n","protected":false},"author":1,"featured_media":0,"parent":2,"menu_order":1,"comment_status":"closed","ping_status":"closed","template":"","meta":{"footnotes":""},"class_list":["post-5383","page","type-page","status-publish","hentry"],"_links":{"self":[{"href":"https:\/\/www.westfalia-hagen.de\/westfalia_neu\/wp-json\/wp\/v2\/pages\/5383","targetHints":{"allow":["GET"]}}],"collection":[{"href":"https:\/\/www.westfalia-hagen.de\/westfalia_neu\/wp-json\/wp\/v2\/pages"}],"about":[{"href":"https:\/\/www.westfalia-hagen.de\/westfalia_neu\/wp-json\/wp\/v2\/types\/page"}],"author":[{"embeddable":true,"href":"https:\/\/www.westfalia-hagen.de\/westfalia_neu\/wp-json\/wp\/v2\/users\/1"}],"replies":[{"embeddable":true,"href":"https:\/\/www.westfalia-hagen.de\/westfalia_neu\/wp-json\/wp\/v2\/comments?post=5383"}],"version-history":[{"count":14,"href":"https:\/\/www.westfalia-hagen.de\/westfalia_neu\/wp-json\/wp\/v2\/pages\/5383\/revisions"}],"predecessor-version":[{"id":9234,"href":"https:\/\/www.westfalia-hagen.de\/westfalia_neu\/wp-json\/wp\/v2\/pages\/5383\/revisions\/9234"}],"up":[{"embeddable":true,"href":"https:\/\/www.westfalia-hagen.de\/westfalia_neu\/wp-json\/wp\/v2\/pages\/2"}],"wp:attachment":[{"href":"https:\/\/www.westfalia-hagen.de\/westfalia_neu\/wp-json\/wp\/v2\/media?parent=5383"}],"curies":[{"name":"wp","href":"https:\/\/api.w.org\/{rel}","templated":true}]}}