{"id":514,"date":"2011-09-01T18:01:02","date_gmt":"2011-09-01T18:01:02","guid":{"rendered":"http:\/\/www.westfalia-hagen.de\/westfalia_neu\/?page_id=514"},"modified":"2025-11-12T17:26:33","modified_gmt":"2025-11-12T17:26:33","slug":"mitgliedschaft","status":"publish","type":"page","link":"https:\/\/www.westfalia-hagen.de\/westfalia_neu\/beispiel-seite\/mitgliedschaft\/","title":{"rendered":"Mitgliedschaft"},"content":{"rendered":"\n<address>Sie m\u00f6chten Mitglied unseres Sportvereins werden. Sicher haben Sie Verst\u00e4ndnis daf\u00fcr, dass insbesondere in der Mitgliedererfassung und Beitragsregulierung, die Satzungen des Vereins unbedingt beachtet werden m\u00fcssen. Die auszugsweise angef\u00fchrten Satzungen sind Bestandteil der Mitgliedsvereinbarung.<\/address>\n\n\n\n<p><strong><mark style=\"background-color:rgba(0, 0, 0, 0)\" class=\"has-inline-color has-vivid-cyan-blue-color\">Eine Anmeldung ist nur m\u00f6glich, wenn Sie uns erlauben den Mitgliedsbeitrag halbj\u00e4hrlich am 15 Februar und 15 August per Lastschrift \/ SEPA &#8211; Mandat einzuziehen! Dazu ben\u00f6tigen wir eine aktuelle E-Mailadresse ! Bei Kindern die der Eltern. <\/mark>\u00a0 \u00a0 \u00a0 \u00a0 \u00a0 \u00a0 \u00a0 \u00a0 \u00a0 \u00a0 \u00a0 \u00a0 \u00a0 \u00a0 \u00a0 \u00a0 \u00a0 \u00a0 \u00a0 \u00a0 \u00a0 \u00a0 \u00a0 \u00a0 \u00a0  \u00a0 \u00a0 \u00a0 \u00a0 \u00a0 \u00a0 \u00a0 \u00a0 \u00a0 \u00a0 \u00a0 \u00a0 \u00a0 \u00a0 \u00a0 \u00a0 \u00a0 \u00a0 \u00a0\u00a0<\/strong><\/p>\n\n\n\n<address><strong>Richtlinien f\u00fcr Aufnahmen&nbsp;(\u00a7 7 der Vereinssatzung)<\/strong><\/address>\n\n\n\n<p>Der Online &#8211; Aufnahmeantrag ist in allen Punkten vollst\u00e4ndig auszuf\u00fcllen.<\/p>\n\n\n\n<address>3.&nbsp; Gem\u00e4\u00df unseren Satzungen ist eine Aufnahmegeb\u00fchr in H\u00f6he von zwei&nbsp; Monatsbeitr\u00e4ge zu entrichten.<\/address>\n\n\n\n<address>4.&nbsp; Beitragspflichten sind eine Bringschuld und werden mittels Lastschriftverfahren von Ihrem Konto abgebucht.<\/address>\n\n\n\n<address>5.&nbsp; Die Beitragsh\u00f6he wird von der Mitgliederversammlung bestimmt.<\/address>\n\n\n\n<address>6.&nbsp; Anschriften\u00e4nderungen m\u00fcssen innerhalb von 14 Tagen dem Vorstand angezeigt werden.<\/address>\n\n\n\n<p><span style=\"color: #0000ff;\"><strong>Neuanmeldung Kinder<\/strong><\/span><\/p>\n\n\n\n<p><span style=\"color: #0000ff;\">Bei Kinder\/Jugendliche (Fu\u00dfball) m\u00fcssen Sie vorab bitte mit dem entsprechenden Trainer \u00fcber eine Aufnahme sprechen, da die Kapazit\u00e4ten pro Mannschaften begrenzt sind. Erst bei Zusage des Trainers\/Jugendleiters sollten Sie einen Aufnahmeantrag stellen!<\/span><\/p>\n\n\n\n<p><em><strong>Kinder Turnabteilung ist ein Anmeldung sofort m\u00f6glich.&nbsp;&nbsp;<\/strong><\/em><\/p>\n\n\n\n<ul class=\"wp-block-list\">\n<li>(Bei einer Erstanmeldung (noch nie im Verein gespielt) ben\u00f6tigen wir eine Foto der Geburtsurkunde und ein Foto, hat ihr Kind bereits in einem anderen Verein gespielt, reicht der Aufnahmeantrag. Dazu ist es m\u00f6glich das eine Meldebescheinigung der Eltern mit eingereicht werden muss. Sie k\u00f6nnen von diesen Dokumenten ein Foto machen und uns per E-Mail senden.<\/li>\n<\/ul>\n\n\n\n<p><a href=\"mailto:h.metzinger@westfalia-hagen.de\">h.metzinger@westfalia-hagen.de<\/a>&nbsp;<\/p>\n\n\n\n<p><strong>\u00dcbersicht unserer Beitr\u00e4ge <\/strong><\/p>\n\n\n\n<figure class=\"wp-block-table\"><table class=\"has-fixed-layout\"><tbody><tr><td><em>Kinder \/ Jugendliche bis 18 Jah<\/em>re<\/td><td class=\"has-text-align-center\" data-align=\"center\">8,00 \u20ac \/ Monat<\/td><td>Fu\u00dfball \/ Turnen<\/td><\/tr><tr><td>Frauen \/ Senioren \/ Altherren<\/td><td class=\"has-text-align-center\" data-align=\"center\">10,00 \u20ac \/ Monat<\/td><td>Fu\u00dfball \/ Turnen<\/td><\/tr><tr><td>Rentner \/ Passive Mitgliedschaft<\/td><td class=\"has-text-align-center\" data-align=\"center\">6,50 \u20ac \/ Monat<\/td><td>Fu\u00dfball \/ Turnen<\/td><\/tr><\/tbody><\/table><\/figure>\n\n\n\n<p>&nbsp;<strong>Bankverbindung: &nbsp; Westfalia Hagen Sparkasse Hagen<\/strong><\/p>\n\n\n\n<p><strong>IBAN:&nbsp; DE05450500010102005370 \/ BIC:&nbsp;&nbsp; WELADE3HXXX<\/strong><\/p>\n\n\n\n<figure class=\"wp-block-embed is-type-wp-embed is-provider-sportfreunde-westfalia-hagen-1872-e-v wp-block-embed-sportfreunde-westfalia-hagen-1872-e-v\"><div class=\"wp-block-embed__wrapper\">\n<blockquote class=\"wp-embedded-content\" data-secret=\"qtO817VDE9\"><a href=\"https:\/\/www.westfalia-hagen.de\/westfalia_neu\/beispiel-seite\/mitgliedschaft\/online-aufnahmeantrag\/\">Online Aufnahmeantrag<\/a><\/blockquote><iframe loading=\"lazy\" class=\"wp-embedded-content\" sandbox=\"allow-scripts\" security=\"restricted\" style=\"position: absolute; visibility: hidden;\" title=\"&#8222;Online Aufnahmeantrag&#8220; &#8212; Sportfreunde Westfalia Hagen 1872 e. V.\" src=\"https:\/\/www.westfalia-hagen.de\/westfalia_neu\/beispiel-seite\/mitgliedschaft\/online-aufnahmeantrag\/embed\/#?secret=2MX10mpB1R#?secret=qtO817VDE9\" data-secret=\"qtO817VDE9\" width=\"600\" height=\"338\" frameborder=\"0\" marginwidth=\"0\" marginheight=\"0\" scrolling=\"no\"><\/iframe>\n<\/div><\/figure>\n","protected":false},"excerpt":{"rendered":"<p>Sie m\u00f6chten Mitglied unseres Sportvereins werden. Sicher haben Sie Verst\u00e4ndnis daf\u00fcr, dass [&hellip;]<\/p>\n","protected":false},"author":1,"featured_media":0,"parent":2,"menu_order":3,"comment_status":"closed","ping_status":"closed","template":"","meta":{"footnotes":""},"class_list":["post-514","page","type-page","status-publish","hentry"],"_links":{"self":[{"href":"https:\/\/www.westfalia-hagen.de\/westfalia_neu\/wp-json\/wp\/v2\/pages\/514","targetHints":{"allow":["GET"]}}],"collection":[{"href":"https:\/\/www.westfalia-hagen.de\/westfalia_neu\/wp-json\/wp\/v2\/pages"}],"about":[{"href":"https:\/\/www.westfalia-hagen.de\/westfalia_neu\/wp-json\/wp\/v2\/types\/page"}],"author":[{"embeddable":true,"href":"https:\/\/www.westfalia-hagen.de\/westfalia_neu\/wp-json\/wp\/v2\/users\/1"}],"replies":[{"embeddable":true,"href":"https:\/\/www.westfalia-hagen.de\/westfalia_neu\/wp-json\/wp\/v2\/comments?post=514"}],"version-history":[{"count":155,"href":"https:\/\/www.westfalia-hagen.de\/westfalia_neu\/wp-json\/wp\/v2\/pages\/514\/revisions"}],"predecessor-version":[{"id":9051,"href":"https:\/\/www.westfalia-hagen.de\/westfalia_neu\/wp-json\/wp\/v2\/pages\/514\/revisions\/9051"}],"up":[{"embeddable":true,"href":"https:\/\/www.westfalia-hagen.de\/westfalia_neu\/wp-json\/wp\/v2\/pages\/2"}],"wp:attachment":[{"href":"https:\/\/www.westfalia-hagen.de\/westfalia_neu\/wp-json\/wp\/v2\/media?parent=514"}],"curies":[{"name":"wp","href":"https:\/\/api.w.org\/{rel}","templated":true}]}}