{"id":41,"date":"2011-07-28T21:14:27","date_gmt":"2011-07-28T21:14:27","guid":{"rendered":"http:\/\/www.westfalia-hagen.de\/westfalia_neu\/?page_id=41"},"modified":"2020-01-11T18:40:14","modified_gmt":"2020-01-11T18:40:14","slug":"datenschutz","status":"publish","type":"page","link":"https:\/\/www.westfalia-hagen.de\/westfalia_neu\/beispiel-seite\/datenschutz\/","title":{"rendered":"Datenschutz"},"content":{"rendered":"<p><strong>Die Sportfreunde von Westfalia Hagen 1872 e.V. (im Folgenden auch \u201eWestfalia\u201c genannt) nimmt den Schutz Ihrer pers\u00f6nlichen Daten sehr ernst. Nachstehend m\u00f6chten wir Sie insbesondere dar\u00fcber informieren, wann wir welche Daten speichern und wie wir sie nutzen.<\/strong><\/p>\n<p><strong>\u00a7 &#8230; Datenschutzerkl\u00e4rung zum ausdrucken\u00a0&gt;\u00a0<a href=\"https:\/\/www.mgvo.de\/mgv\/dvs\/dok_dnl.php?call_id=b898af6c333e3dd16f4b951c0eedf70a&amp;doknr=2\" target=\"_blank\" rel=\"noopener noreferrer\">Datschutzerkl\u00e4rung Westfalia Hagen\u00a0<\/a>&lt;<\/strong><\/p>\n<p><span style=\"color: #0000ff;\"><a style=\"color: #0000ff;\" href=\"https:\/\/www.flvw.de\/service\/rechtliches\/datenschutz-im-sportverein\/\">https:\/\/www.flvw.de\/service\/rechtliches\/datenschutz-im-sportverein\/<\/a><\/span><\/p>\n<p align=\"left\">Speicherung von Daten:<\/p>\n<p align=\"left\">Mit dem Beitritt eines Mitglieds nimmt\u00a0Westfalia dessen Adresse, Alter, Telefon\/Fax-Nr., Emailadresse\u00a0und Bankverbindung auf. Diese Informationen werden in dem vereinseigenen EDV-System\/in den EDV-Systemen des ersten und zweiten Vorsitzenden,des Kassenwarts &#8230; gespeichert.<\/p>\n<p align=\"left\">Jedem Vereinsmitglied wird dabei eine Mitgliedsnummer zugeordnet. Die personenbezogenen Daten werden durch geeignete technische und organisatorische Ma\u00dfnahmen vor der Kenntnisnahme Dritter gesch\u00fctzt.<\/p>\n<p align=\"left\">Sonstige Informationen und Informationen \u00fcber Nichtmitglieder werden von dem Verein grunds\u00e4tzlich intern nur verarbeitet, wenn sie zur F\u00f6rderung des Vereinszweckes n\u00fctzlich sind ( z. B. Speicherung von Telefon und<span style=\"font-family: MetaPlusNormal-Italic; font-size: small;\"><span style=\"font-family: MetaPlusNormal-Italic; font-size: small;\">\u00a0<\/span><\/span>Faxnummern einzelner Mitglieder) und keine Anhaltspunkte bestehen, dass die betroffene Person ein schutzw\u00fcrdiges\u00a0Interesse hat, das der Verarbeitung entgegensteht.<\/p>\n<p align=\"left\">Weitergabe der Daten an den &#8230;Verband: Als Mitglied des<\/p>\n<p align=\"left\">Westdeutschen Fu\u00dfball &amp; Leihtathletikverband e. V. in Friedrich-Alfred-Str. 1\u00a0\u00a0 47055 Duisburg<\/p>\n<p align=\"left\"><span style=\"font-family: MetaPlusNormal-Roman; font-size: small;\"><span style=\"font-family: MetaPlusNormal-Roman; font-size: small;\">ist\u00a0Westfalia verpflichtet, <\/span><\/span>seine Mitglieder an den Verband zu melden. \u00dcbermittelt werden dabei Name, Alter und Vereinsmitgliedsnummer.<\/p>\n<p align=\"left\"><span style=\"font-family: MetaPlusNormal-Roman; font-size: small;\"><span style=\"font-family: MetaPlusNormal-Roman; font-size: small;\">; bei Mitgliedern mit besonderen Aufgaben <\/span><\/span>(z. B. Vorstandsmitglieder)<\/p>\n<p><span style=\"font-family: MetaPlusNormal-Roman; font-size: small;\"><span style=\"font-family: MetaPlusNormal-Roman; font-size: small;\">die vollst\u00e4ndige Adresse mit Telefonnummer, E-Mail-Adresse sowie der <\/span><\/span>Bezeichnung ihrer Funktion im Verein. Im Rahmen von Ligaspielen oder Turnieren meldet der Verein Ergebnisse (z. B. bei Fu\u00dfball: Torsch\u00fctzen) <span style=\"font-family: MetaPlusNormal-Roman; font-size: small;\"><span style=\"font-family: MetaPlusNormal-Roman; font-size: small;\">und besondere Ereignisse <\/span><\/span><em><span style=\"font-family: MetaPlusNormal-Italic; font-size: small;\"><span style=\"font-family: MetaPlusNormal-Italic; font-size: small;\">(z. B. Fu\u00dfball: Platzverweise usw.) <\/span><\/span><\/em><span style=\"font-family: MetaPlusNormal-Roman; font-size: small;\"><span style=\"font-family: MetaPlusNormal-Roman; font-size: small;\">an den Verband.<\/span><\/span><\/p>\n<p align=\"left\">Pressearbeit:<\/p>\n<p align=\"left\">Westfalia\u00a0informiert die Tagespresse sowie die &#8230; <em><span style=\"font-family: MetaPlusNormal-Italic; font-size: small;\"><span style=\"font-family: MetaPlusNormal-Italic; font-size: small;\">(Namen der Zeitungen und Zeitschriften einsetzen, die informiert <\/span><\/span><\/em>werden) <span style=\"font-family: MetaPlusNormal-Roman; font-size: small;\"><span style=\"font-family: MetaPlusNormal-Roman; font-size: small;\">\u00fcber Turnierergebnisse und besondere Ereignisse. Solche Informationen werden \u00fcberdies auf <\/span><\/span>der Internet-Seite des Vereins ver\u00f6ffentlicht. Das einzelne Mitglied kann jederzeit gegen\u00fcber dem Vorstand einer solchen Ver\u00f6ffentlichung widersprechen. Im Falle des Widerspruchs unterbleiben in Bezug auf das widersprechende Mitglied weitere Ver\u00f6ffentlichungen. Personenbezogene Daten des widersprechenden Mitglieds werden von der Homepage des Vereins entfernt. Der Verein benachrichtigt &#8230;\u00a0<em><span style=\"font-family: MetaPlusNormal-Italic; font-size: small;\"><span style=\"font-family: MetaPlusNormal-Italic; font-size: small;\">(Namen der Verb\u00e4nde einsetzen,<\/span><\/span><\/em>denen der Verein angeh\u00f6rt) <span style=\"font-family: MetaPlusNormal-Roman; font-size: small;\"><span style=\"font-family: MetaPlusNormal-Roman; font-size: small;\">von dem Widerspruch des Mitglieds.<\/span><\/span><\/p>\n<p><strong>Datenschutzhinweis:<\/strong><\/p>\n<p>Zur Optimierung unsere Webseite sammeln und speichern wir Daten, zB. Datum und Uhrzeit des Seitenaufrufs, die Seite, von der Sie unsere Seite aufrufen und \u00e4hnliches, sofern Sie dieser Datenerhebung und -speicherung nicht widersprechen.<br \/>\nDies erfolgt anonymisiert, ohne den Benutzer der Seite pers\u00f6nlich zu identifizieren. Ggf. werden Nutzerprofile mittels eines Pseudonyms erstellt.\u00a0 Auch hierbei erfolgt keine Verbindung zwischen der hinter dem Pseudonym stehenden Person mit den erhobenen Nutzungsdaten. Zur Datenerhebung und Speicherung setzen wir auch cookies ein. Auch diese erheben Daten nur in<br \/>\nanonymisierte oder pseudonomisierter Form.<\/p>\n<p><strong>Cookies<\/strong><\/p>\n<p>Cookies sind kleine Textdateien, die bei dem Besuch auf einer Internetseite auf Ihrer Festplatte abgelegt werden k\u00f6nnen. Diese Textdateien werden von dem Web-Server, mit dem Sie \u00fcber Ihren Web-Browser (z.B. Internet Explorer, Netscape Navigator, Firefox) eine Verbindung aufgebaut haben, erzeugt und dann an Sie gesendet.<\/p>\n<div>Personenbezogene Daten sind in unseren Cookies nicht enthalten.<\/div>\n<div>Auch wir verwenden auf unseren Webseiten Cookies, zum Beispiel zur Erfassung der H\u00e4ufigkeit des Aufrufs unserer Webseiten. Zu diesen Zwecken verwenden wir nur so genannte \u201eSession-Cookies\u201c, die nach dem Schlie\u00dfen Ihres Browsers wieder gel\u00f6scht werden.<\/div>\n<p>Die meisten Browser sind so eingestellt, dass sie Cookies automatisch akzeptieren. Sie k\u00f6nnen das Speichern von Cookies jedoch deaktivieren oder Ihren Browser so einstellen, dass er Sie benachrichtigt, sobald Cookies gesendet werden. Dar\u00fcber hinaus k\u00f6nnen Sie Cookies auch jederzeit auf Ihrem System (z.B. im Windows Explorer) l\u00f6schen. Bitte benutzen Sie hierf\u00fcr die Hilfefunktion in der Men\u00fcleiste Ihres Web-Browsers bzw. Betriebssystems.<\/p>\n<p><strong>Externe Links<\/strong><\/p>\n<p>Unser Online-Angebot enth\u00e4lt Links, die auf Seiten Dritter verweisen. Soweit dies nicht offensichtlich erkennbar ist, weisen wir Sie darauf hin, dass es sich um einen externen Link handelt. Westfalia hat keinen Einfluss auf den Inhalt und die Gestaltung der Seiten externer Anbieter. Diese Datenschutzerkl\u00e4rung findet dort insoweit keine Anwendung.<\/p>\n<p><strong>\u00c4nderung dieser Datenschutzerkl\u00e4rung<\/strong><\/p>\n<p>Aus gesetzlichen und\/oder organisatorischen Gr\u00fcnden werden von Zeit zu Zeit \u00c4nderungen bzw. Anpassungen unserer Datenschutzerkl\u00e4rung erforderlich sein. Bitte beachten Sie diesbez\u00fcglich die jeweils aktuelle Version unserer Datenschutzerkl\u00e4rung.<\/p>\n<p>Sportfreunde Westfalia Hagen 1872 e.V.<\/p>\n<p>Alexanderstr. 31<\/p>\n<p>58097 Hagen<\/p>\n<p>Email: vorstand@westfalia-hagen.de<\/p>\n","protected":false},"excerpt":{"rendered":"<p>Die Sportfreunde von Westfalia Hagen 1872 e.V. (im Folgenden auch \u201eWestfalia\u201c genannt) [&hellip;]<\/p>\n","protected":false},"author":1,"featured_media":0,"parent":2,"menu_order":5,"comment_status":"closed","ping_status":"closed","template":"","meta":{"footnotes":""},"class_list":["post-41","page","type-page","status-publish","hentry"],"_links":{"self":[{"href":"https:\/\/www.westfalia-hagen.de\/westfalia_neu\/wp-json\/wp\/v2\/pages\/41","targetHints":{"allow":["GET"]}}],"collection":[{"href":"https:\/\/www.westfalia-hagen.de\/westfalia_neu\/wp-json\/wp\/v2\/pages"}],"about":[{"href":"https:\/\/www.westfalia-hagen.de\/westfalia_neu\/wp-json\/wp\/v2\/types\/page"}],"author":[{"embeddable":true,"href":"https:\/\/www.westfalia-hagen.de\/westfalia_neu\/wp-json\/wp\/v2\/users\/1"}],"replies":[{"embeddable":true,"href":"https:\/\/www.westfalia-hagen.de\/westfalia_neu\/wp-json\/wp\/v2\/comments?post=41"}],"version-history":[{"count":58,"href":"https:\/\/www.westfalia-hagen.de\/westfalia_neu\/wp-json\/wp\/v2\/pages\/41\/revisions"}],"predecessor-version":[{"id":5915,"href":"https:\/\/www.westfalia-hagen.de\/westfalia_neu\/wp-json\/wp\/v2\/pages\/41\/revisions\/5915"}],"up":[{"embeddable":true,"href":"https:\/\/www.westfalia-hagen.de\/westfalia_neu\/wp-json\/wp\/v2\/pages\/2"}],"wp:attachment":[{"href":"https:\/\/www.westfalia-hagen.de\/westfalia_neu\/wp-json\/wp\/v2\/media?parent=41"}],"curies":[{"name":"wp","href":"https:\/\/api.w.org\/{rel}","templated":true}]}}