{"id":102,"date":"2011-07-29T05:30:06","date_gmt":"2011-07-29T05:30:06","guid":{"rendered":"http:\/\/www.westfalia-hagen.de\/westfalia_neu\/?page_id=102"},"modified":"2022-07-10T15:51:50","modified_gmt":"2022-07-10T15:51:50","slug":"altherren","status":"publish","type":"page","link":"https:\/\/www.westfalia-hagen.de\/westfalia_neu\/altherren\/","title":{"rendered":"Fu\u00dfb. Altherren"},"content":{"rendered":"<p><a href=\"http:\/\/www.westfalia-hagen.de\/westfalia_neu\/?attachment_id=8\" rel=\"attachment wp-att-8\"><img loading=\"lazy\" decoding=\"async\" class=\"alignleft size-full wp-image-8\" title=\"Wappen_klein\" src=\"http:\/\/www.westfalia-hagen.de\/westfalia_neu\/wp-content\/uploads\/2011\/07\/Wappen_klein.jpg\" alt=\"\" width=\"78\" height=\"104\" \/><\/a><\/p>\n<p>Wir sind eine\u2026..<br \/>Gemeinschaft von \u00dc32 bis \u00dc72 !! und unsere St\u00e4rken liegen nicht nur im Fu\u00dfball.<\/p>\n<p>Wir suchen immer neue Mitglieder in jedem Alter!!<br \/>Also jeder der Geselligkeit , Aktivit\u00e4ten und Freundschaften pflegen will, ist bei uns<\/p>\n<p style=\"text-align: center;\"><strong>Herzlich Willkommen!!!!!<\/strong><\/p>\n<p>Ps. Jeden Dienstag ab 19 Uhr Stammtisch im Vereinsheim<\/p>\n\n\n<hr class=\"wp-block-separator\"\/>\n\n\n\n<p><strong>Ansprechpartner Spielbetrieb Halle Altherren<\/strong><\/p>\n\n\n\n<p>Spielertrainer: Christian Peters<\/p>\n\n\n\n<p>Handy: 0160 1804321<\/p>\n\n\n\n<p class=\"has-text-align-left\">&nbsp;&nbsp;ch.peters@westfalia-hagen.de<\/p>\n\n\n\n<hr class=\"wp-block-separator\"\/>\n\n\n\n<p><\/p>\n","protected":false},"excerpt":{"rendered":"<p>Wir sind eine\u2026..Gemeinschaft von \u00dc32 bis \u00dc72 !! und unsere St\u00e4rken liegen [&hellip;]<\/p>\n","protected":false},"author":1,"featured_media":0,"parent":0,"menu_order":3,"comment_status":"closed","ping_status":"closed","template":"","meta":{"footnotes":""},"class_list":["post-102","page","type-page","status-publish","hentry"],"_links":{"self":[{"href":"https:\/\/www.westfalia-hagen.de\/westfalia_neu\/wp-json\/wp\/v2\/pages\/102","targetHints":{"allow":["GET"]}}],"collection":[{"href":"https:\/\/www.westfalia-hagen.de\/westfalia_neu\/wp-json\/wp\/v2\/pages"}],"about":[{"href":"https:\/\/www.westfalia-hagen.de\/westfalia_neu\/wp-json\/wp\/v2\/types\/page"}],"author":[{"embeddable":true,"href":"https:\/\/www.westfalia-hagen.de\/westfalia_neu\/wp-json\/wp\/v2\/users\/1"}],"replies":[{"embeddable":true,"href":"https:\/\/www.westfalia-hagen.de\/westfalia_neu\/wp-json\/wp\/v2\/comments?post=102"}],"version-history":[{"count":32,"href":"https:\/\/www.westfalia-hagen.de\/westfalia_neu\/wp-json\/wp\/v2\/pages\/102\/revisions"}],"predecessor-version":[{"id":6815,"href":"https:\/\/www.westfalia-hagen.de\/westfalia_neu\/wp-json\/wp\/v2\/pages\/102\/revisions\/6815"}],"wp:attachment":[{"href":"https:\/\/www.westfalia-hagen.de\/westfalia_neu\/wp-json\/wp\/v2\/media?parent=102"}],"curies":[{"name":"wp","href":"https:\/\/api.w.org\/{rel}","templated":true}]}}